{"id":145,"date":"2018-02-20T22:24:20","date_gmt":"2018-02-20T22:24:20","guid":{"rendered":"http:\/\/knop.es\/?page_id=145"},"modified":"2023-05-11T12:20:34","modified_gmt":"2023-05-11T10:20:34","slug":"bibliografias","status":"publish","type":"page","link":"https:\/\/knop.es\/en\/bibliografias\/","title":{"rendered":"Links &amp; Bibliografias"},"content":{"rendered":"<h2 class=\"wp-block-heading has-text-align-center\"><span style=\"color: #1f3a8e;\">LINKS<\/span><\/h2>\n\n\n\n<hr class=\"wp-block-separator has-alpha-channel-opacity\"\/>\n\n\n\n<p class=\"wp-block-paragraph\"><a href=\"https:\/\/www.euribor-rates.eu\/\" target=\"_blank\" rel=\"noopener\">Euribor<\/a><\/p>\n\n\n\n<p class=\"wp-block-paragraph\"><a href=\"http:\/\/es.global-rates.com\/tipos-de-interes\/libor\/dolar-usa\/dolar-usa.aspx\" target=\"_blank\" rel=\"noopener\">Interest rates<\/a><\/p>\n\n\n\n<p class=\"wp-block-paragraph\"><a href=\"https:\/\/www.investing.com\/rates-bonds\/spain-government-bonds?maturity_from=40&amp;maturity_to=290\" target=\"_blank\" rel=\"noopener\">Bonds government<\/a><\/p>\n\n\n\n<p class=\"wp-block-paragraph\"><a href=\"https:\/\/es.investing.com\/currencies\/eur-usd-forward-rates\" target=\"_blank\" rel=\"noopener\">FX EURUSD spot &amp; forward<\/a><\/p>\n\n\n\n<p class=\"wp-block-paragraph\"><a href=\"https:\/\/www.investing.com\/currencies\/forex-options\" target=\"_blank\" rel=\"noopener\">Volatility FX<\/a><\/p>\n\n\n\n<p class=\"wp-block-paragraph\"><a href=\"https:\/\/sebgroup.com\/large-corporates-and-institutions\/prospectuses-and-downloads\/rates\/swap-rates\" target=\"_blank\" rel=\"noopener\">Rate Swaps interest<\/a><\/p>\n\n\n\n<h2 class=\"wp-block-heading has-text-align-center\"><span style=\"color: #1f3a8e;\">RECOMMENDED BOOKS BY SUBJECT<\/span><\/h2>\n\n\n\n<hr class=\"wp-block-separator has-alpha-channel-opacity\"\/>\n\n\n\n<h3 class=\"wp-block-heading\">DERIVATIVES<\/h3>\n\n\n\n<figure class=\"wp-block-table\"><table><tbody><tr><td><strong><span style=\"text-decoration: underline; color: #ff0000;\">Title<\/span><\/strong><\/td><td><strong><span style=\"text-decoration: underline; color: #ff0000;\">Author<\/span><\/strong><\/td><td><strong><span style=\"text-decoration: underline; color: #ff0000;\">Editorial<\/span><\/strong><\/td><\/tr><tr><td>A guide to Credit Derivatives<\/td><td>Davies<\/td><td>PWC<\/td><\/tr><tr><td>All about hedge funds<\/td><td>Jaeger<\/td><td>McGrawlHill<\/td><\/tr><tr><td>Barings Bankruptcy<\/td><td>Zhang<\/td><td>World<\/td><\/tr><tr><td>Black Scholes &amp; Beyond<\/td><td>Chriss<\/td><td>Irwin<\/td><\/tr><tr><td>Corporate Derivatives<\/td><td>Triana<\/td><td>Risk Books<\/td><\/tr><tr><td>Credit Default Swaps<\/td><td>Knop<\/td><td>Delta<\/td><\/tr><tr><td>Credit Derivatives<\/td><td>Das<\/td><td>Wiley<\/td><\/tr><tr><td>Credit Derivatives<\/td><td>Tavakoli<\/td><td>Wiley<\/td><\/tr><tr><td>Credit derivatives<\/td><td>Knop<\/td><td>Piramide<\/td><\/tr><tr><td>Derivatives<\/td><td>Wilmott<\/td><td>Wiley<\/td><\/tr><tr><td>Derivatives Pricing<\/td><td>Tavella<\/td><td>Willey<\/td><\/tr><tr><td>Dynamic Hedging<\/td><td>Taleb<\/td><td>Wiley<\/td><\/tr><tr><td>Efficient methods for valuing interest derivatives<\/td><td>Pelsser<\/td><td>Springer<\/td><\/tr><tr><td>Equity Derivatives<\/td><td>Overhaus<\/td><td>Wiley<\/td><\/tr><tr><td>Exotic Options<\/td><td>Zhang<\/td><td>World S<\/td><\/tr><tr><td>Financial Calculus<\/td><td>Baxter<\/td><td>Cambridge<\/td><\/tr><tr><td>Financial Derivatives in Theory and Practice<\/td><td>Hunt<\/td><td>Wiley<\/td><\/tr><tr><td>Finance design<\/td><td>Knop<\/td><td>EFA<\/td><\/tr><tr><td>Futures and options<\/td><td>Abascal<\/td><td>McGrawHill<\/td><\/tr><tr><td>Implementing derivatives models<\/td><td>Clewlow<\/td><td>Wiley<\/td><\/tr><tr><td>Derivative instruments for the Company<\/td><td>Knop,<\/td><td>McGrawHill<\/td><\/tr><tr><td>Interest Rate Options Models<\/td><td>Rebonato<\/td><td>Wiley<\/td><\/tr><tr><td>Handbook of Derivative Instruments<\/td><td>Knop<\/td><td>Afi<\/td><\/tr><tr><td>Derivative markets s\/Indices<\/td><td>Martin<\/td><td>Gesmovasa<\/td><\/tr><tr><td>Options on financial instruments<\/td><td>Valero<\/td><td>Ariel<\/td><\/tr><tr><td>Option Theory<\/td><td>James<\/td><td>Wiley<\/td><\/tr><tr><td>Options Explained<\/td><td>Tompkins<\/td><td>MacMillan<\/td><\/tr><tr><td>Options, futures and other derivatives<\/td><td>Hull<\/td><td>Prentice<\/td><\/tr><tr><td>Options, futures and other derivatives<\/td><td>Hull<\/td><td>Prentice<\/td><\/tr><tr><td>Pricing financial instruments<\/td><td>Tavella<\/td><td>Wiley<\/td><\/tr><tr><td>Financial Derivatives<\/td><td>UIMP<\/td><td>Civitas<\/td><\/tr><tr><td>Quantitative Analysis In Financial Markets<\/td><td>Avellaneda<\/td><td>&nbsp;World S<\/td><\/tr><tr><td>Quantitative Methods in Derivatives Pricing<\/td><td>Tavella<\/td><td>Wiley<\/td><\/tr><tr><td>Risk Management &amp; Financial Derivatives<\/td><td>Das<\/td><td>Irwin<\/td><\/tr><tr><td>Short Term futures trading<\/td><td>Bernstein<\/td><td>Probus<\/td><\/tr><tr><td>Structured Credit Products<\/td><td>Choudhry<\/td><td>Wiley<\/td><\/tr><tr><td>Structured Products<\/td><td>Knop<\/td><td>Wiley<\/td><\/tr><tr><td>Swaps &amp; Other Derivatives<\/td><td>Flaveli<\/td><td>Wiley<\/td><\/tr><tr><td>The complete guide to option pricing formulas<\/td><td>Gaarder<\/td><td>McGrawHill<\/td><\/tr><tr><td>The European Bond Basis<\/td><td>Plona<\/td><td>Irwin<\/td><\/tr><tr><td>The Handbook of equity derivatives<\/td><td>Several<\/td><td>Wiley<\/td><\/tr><tr><td>The Libor Market Model in practice<\/td><td>Gatarek<\/td><td>Wiley<\/td><\/tr><tr><td>The structured note market<\/td><td>Peng<\/td><td>Probus<\/td><\/tr><tr><td>The Swaps Compendium<\/td><td>Euromoney<\/td><td>Euromoney<\/td><\/tr><tr><td>The Treasury Bond Basis<\/td><td>Burghardt<\/td><td>Irwin<\/td><\/tr><tr><td>Volatility and correlation<\/td><td>Rebonato<\/td><td>Wiley<\/td><\/tr><\/tbody><\/table><\/figure>\n\n\n\n<h3 class=\"wp-block-heading has-text-align-center\"><span style=\"color: #1f3a8e;\">FIXED INCOME<\/span><\/h3>\n\n\n\n<hr class=\"wp-block-separator has-alpha-channel-opacity\"\/>\n\n\n\n<figure class=\"wp-block-table\"><table><tbody><tr><td><span style=\"text-decoration: underline;\"><span style=\"color: #ff0000; text-decoration: underline;\"><strong>Title<\/strong><\/span><\/span><\/td><td><span style=\"text-decoration: underline;\"><span style=\"color: #ff0000; text-decoration: underline;\"><strong>Author<\/strong><\/span><\/span><\/td><td><span style=\"text-decoration: underline;\"><span style=\"color: #ff0000; text-decoration: underline;\"><strong>Editorial<\/strong><\/span><\/span><\/td><\/tr><tr><td>Advanced Fixed Income Analytics<\/td><td>Phoa<\/td><td>Fabozzi<\/td><\/tr><tr><td>Advances in Fixed Income Valutation<\/td><td>Several<\/td><td>Fabozzi<\/td><\/tr><tr><td>Analysis of the duration<\/td><td>Bierwag<\/td><td>Alliance<\/td><\/tr><tr><td>Bond Risk Analysis<\/td><td>Douglas<\/td><td>Nyif<\/td><\/tr><tr><td>Duration, Convexity and other Risk<\/td><td>Fabozzi<\/td><td>Fabozzi<\/td><\/tr><tr><td>The Spanish Market for the debt of the State<\/td><td>Ezquiaga<\/td><td>Ariel<\/td><\/tr><tr><td>Formulae for yield and other<\/td><td>AIBD<\/td><td>AIBD<\/td><\/tr><tr><td>Inflation Indexed Securities<\/td><td>Deacon<\/td><td>Wiley<\/td><\/tr><tr><td>Interest Rate Modelling<\/td><td>Webber<\/td><td>Wiley<\/td><\/tr><tr><td>Handbook of Fixed-Income Instruments<\/td><td>Knop<\/td><td>Ariel<\/td><\/tr><tr><td>The Bond Bible<\/td><td>Cohen<\/td><td>Nyif<\/td><\/tr><\/tbody><\/table><\/figure>\n\n\n\n<h3 class=\"wp-block-heading has-text-align-center\"><span style=\"color: #1f3a8e;\">RISKS<\/span><\/h3>\n\n\n\n<hr class=\"wp-block-separator has-alpha-channel-opacity\"\/>\n\n\n\n<figure class=\"wp-block-table\"><table><tbody><tr><td><strong><span style=\"text-decoration: underline; color: #ff0000;\">T<span style=\"text-decoration: underline;\">c hapter<\/span><\/span><\/strong><\/td><td><strong><span style=\"text-decoration: underline; color: #ff0000;\">Author<\/span><\/strong><\/td><td><strong><span style=\"text-decoration: underline; color: #ff0000;\">Editorial<\/span><\/strong><\/td><\/tr><tr><td>Asset &amp; Liability Management<\/td><td>Dermine<\/td><td>Prentice<\/td><\/tr><tr><td>Controlling &amp; Managing Interest rate risk<\/td><td>Cornyn<\/td><td>Nyif<\/td><\/tr><tr><td>Counterparty Credit Risk<\/td><td>Gregory<\/td><td>Wiley<\/td><\/tr><tr><td>Credit Risk Measurement<\/td><td>Saunders<\/td><td>Wiley<\/td><\/tr><tr><td>Extreme Financial Risks<\/td><td>Malevergne, Sornette<\/td><td>Springer<\/td><\/tr><tr><td>Managing Derivative Risks<\/td><td>Chew<\/td><td>Wiley<\/td><\/tr><tr><td>Market Risk Amendment<\/td><td>Chorafas<\/td><td>McGrawHill<\/td><\/tr><tr><td>Mastering VaR<\/td><td>Butler<\/td><td>Financial T<\/td><\/tr><tr><td>Measuring market risk and credit<\/td><td>Knop<\/td><td>Ariel<\/td><\/tr><tr><td>Quantitative Risk Analysis<\/td><td>Vose<\/td><td>Wiley<\/td><\/tr><tr><td>Risk Management &amp; Financial Derivatives<\/td><td>Das<\/td><td>Irwin<\/td><\/tr><tr><td>Risk Management in Banking<\/td><td>Bessis<\/td><td>Wiley<\/td><\/tr><tr><td>The Bank Credit Analysis HandBook<\/td><td>Golin<\/td><td>Wiley<\/td><\/tr><tr><td>Value At Risk<\/td><td>Jorion<\/td><td>Irwin<\/td><\/tr><\/tbody><\/table><\/figure>\n\n\n\n<h3 class=\"wp-block-heading has-text-align-center\"><span style=\"color: #1f3a8e;\">FINANCIAL MATHEMATICS<\/span><\/h3>\n\n\n\n<hr class=\"wp-block-separator has-alpha-channel-opacity\"\/>\n\n\n\n<figure class=\"wp-block-table\"><table><tbody><tr><td><strong><span style=\"text-decoration: underline;\"><span style=\"color: #ff0000; text-decoration: underline;\">Title<\/span><\/span><\/strong><\/td><td><strong><span style=\"text-decoration: underline;\"><span style=\"color: #ff0000; text-decoration: underline;\">Author<\/span><\/span><\/strong><\/td><td><strong><span style=\"text-decoration: underline;\"><span style=\"color: #ff0000; text-decoration: underline;\">Editorial<\/span><\/span><\/strong><\/td><\/tr><tr><td>Calculus differential and integral<\/td><td>Piskunov<\/td><td>Montaner<\/td><\/tr><tr><td>Econometrics of Financial Markets<\/td><td>Campbell<\/td><td>Princeton<\/td><\/tr><tr><td>Elementary Stochastic calculus<\/td><td>Mikosch<\/td><td>World Scientific<\/td><\/tr><tr><td>Financial Engineering with finite elements<\/td><td>Topper<\/td><td>Wiley<\/td><\/tr><tr><td>Form pilot calculus integral<\/td><td>Flowers<\/td><td>TebarFlores<\/td><\/tr><tr><td>Frequently Asked Questions in Quantitative F.<\/td><td>Wilmott<\/td><td>Wiley<\/td><\/tr><tr><td>The financial markets and its mathematics<\/td><td>Jimeno<\/td><td>Ariel<\/td><\/tr><tr><td>Martingale Methods in financial modelling<\/td><td>Musiela<\/td><td>Springer<\/td><\/tr><tr><td>Mastering financial calculations<\/td><td>Steiner<\/td><td>Financial Times<\/td><\/tr><tr><td>Mathematics of financial operations<\/td><td>Luezas<\/td><td>UNED<\/td><\/tr><tr><td>Mathematics for economists<\/td><td>Prieto<\/td><td>Cibernos<\/td><\/tr><tr><td>Mathematics of financial derivatives<\/td><td>Neftci<\/td><td>Academic Press<\/td><\/tr><tr><td>Methods of mathematical for the economy<\/td><td>Borrell<\/td><td>Piramide<\/td><\/tr><tr><td>Monte carlo<\/td><td>Fishman<\/td><td>Springer<\/td><\/tr><tr><td>Numerical methods in economics<\/td><td>Judd<\/td><td>Mit<\/td><\/tr><tr><td>Financial operations<\/td><td>Acute<\/td><td>Ariel<\/td><\/tr><tr><td>Quantitative Finance<\/td><td>Wilmott<\/td><td>Wiley<\/td><\/tr><tr><td>Quantitative Methods<\/td><td>Swift, Piff<\/td><td>Palgrave<\/td><\/tr><tr><td>Random Number Generation and MC Methods<\/td><td>Gentle<\/td><td>Springer<\/td><\/tr><tr><td>The complete Idiots guide to calculus<\/td><td>Kelley<\/td><td>Alpha<\/td><\/tr><tr><td>The Econometrics of Financial Markets<\/td><td>Campbell<\/td><td>Princeton<\/td><\/tr><tr><td>The Mathematics of financial derivatives<\/td><td>Wilmott<\/td><td>Cambridge<\/td><\/tr><\/tbody><\/table><\/figure>\n\n\n<div class=\"kk-star-ratings kksr-auto kksr-align-center kksr-valign-bottom\"\n    data-payload='{&quot;align&quot;:&quot;center&quot;,&quot;id&quot;:&quot;145&quot;,&quot;slug&quot;:&quot;default&quot;,&quot;valign&quot;:&quot;bottom&quot;,&quot;ignore&quot;:&quot;&quot;,&quot;reference&quot;:&quot;auto&quot;,&quot;class&quot;:&quot;&quot;,&quot;count&quot;:&quot;1&quot;,&quot;legendonly&quot;:&quot;&quot;,&quot;readonly&quot;:&quot;&quot;,&quot;score&quot;:&quot;5&quot;,&quot;starsonly&quot;:&quot;&quot;,&quot;best&quot;:&quot;5&quot;,&quot;gap&quot;:&quot;5&quot;,&quot;greet&quot;:&quot;Rate this page&quot;,&quot;legend&quot;:&quot;5\\\/5 - (1 vote)&quot;,&quot;size&quot;:&quot;24&quot;,&quot;title&quot;:&quot;Links \\u0026amp; Bibliografias&quot;,&quot;width&quot;:&quot;142.5&quot;,&quot;_legend&quot;:&quot;{score}\\\/{best} - ({count} {votes})&quot;,&quot;font_factor&quot;:&quot;1.25&quot;}'>\n            \n<div class=\"kksr-stars\">\n    \n<div class=\"kksr-stars-inactive\">\n            <div class=\"kksr-star\" data-star=\"1\" style=\"padding-right: 5px\">\n            \n\n<div class=\"kksr-icon\" style=\"width: 24px; height: 24px;\"><\/div>\n        <\/div>\n            <div class=\"kksr-star\" data-star=\"2\" style=\"padding-right: 5px\">\n            \n\n<div class=\"kksr-icon\" style=\"width: 24px; height: 24px;\"><\/div>\n        <\/div>\n            <div class=\"kksr-star\" data-star=\"3\" style=\"padding-right: 5px\">\n            \n\n<div class=\"kksr-icon\" style=\"width: 24px; height: 24px;\"><\/div>\n        <\/div>\n            <div class=\"kksr-star\" data-star=\"4\" style=\"padding-right: 5px\">\n            \n\n<div class=\"kksr-icon\" style=\"width: 24px; height: 24px;\"><\/div>\n        <\/div>\n            <div class=\"kksr-star\" data-star=\"5\" style=\"padding-right: 5px\">\n            \n\n<div class=\"kksr-icon\" style=\"width: 24px; height: 24px;\"><\/div>\n        <\/div>\n    <\/div>\n    \n<div class=\"kksr-stars-active\" style=\"width: 142.5px;\">\n            <div class=\"kksr-star\" style=\"padding-right: 5px\">\n            \n\n<div class=\"kksr-icon\" style=\"width: 24px; height: 24px;\"><\/div>\n        <\/div>\n            <div class=\"kksr-star\" style=\"padding-right: 5px\">\n            \n\n<div class=\"kksr-icon\" style=\"width: 24px; height: 24px;\"><\/div>\n        <\/div>\n            <div class=\"kksr-star\" style=\"padding-right: 5px\">\n            \n\n<div class=\"kksr-icon\" style=\"width: 24px; height: 24px;\"><\/div>\n        <\/div>\n            <div class=\"kksr-star\" style=\"padding-right: 5px\">\n            \n\n<div class=\"kksr-icon\" style=\"width: 24px; height: 24px;\"><\/div>\n        <\/div>\n            <div class=\"kksr-star\" style=\"padding-right: 5px\">\n            \n\n<div class=\"kksr-icon\" style=\"width: 24px; height: 24px;\"><\/div>\n        <\/div>\n    <\/div>\n<\/div>\n                \n\n<div class=\"kksr-legend\" style=\"font-size: 19.2px;\">\n            5\/5 - (1 vote)    <\/div>\n    <\/div>","protected":false},"excerpt":{"rendered":"<p>LINKS Euribor Tipos de inter\u00e9s Bonos gobierno FX EURUSD spot &amp; forward Volatilidad FX Swaps de tipos de interes LIBROS RECOMENDADOS POR TEMA DERIVADOS T\u00edtulo Autor Editorial A guide to Credit Derivatives Davies PWC All about hedge funds Jaeger McGrawlHill&#x2026; <\/p>\n<p class=\"more-link-container th-uppercase th-text-2xs\"><a href=\"https:\/\/knop.es\/en\/bibliografias\/\" class=\"more-link\">Read More <span class=\"screen-reader-text\">Links &amp; Bibliografias<\/span><\/a><\/p>","protected":false},"author":134317148,"featured_media":162,"parent":0,"menu_order":1,"comment_status":"closed","ping_status":"closed","template":"","meta":{"_coblocks_attr":"","_coblocks_dimensions":"","_coblocks_responsive_height":"","_coblocks_accordion_ie_support":"","_crdt_document":"","_joinchat":[],"footnotes":""},"class_list":["post-145","page","type-page","status-publish","has-post-thumbnail","hentry"],"yoast_head":"<!-- This site is optimized with the Yoast SEO plugin v27.5 - https:\/\/yoast.com\/product\/yoast-seo-wordpress\/ -->\n<title>Links &amp; Bibliografias - Formaci\u00f3n Pr\u00e1ctica en Finanzas - Roberto Knop<\/title>\n<meta name=\"robots\" content=\"index, follow, max-snippet:-1, max-image-preview:large, max-video-preview:-1\" \/>\n<link rel=\"canonical\" href=\"https:\/\/knop.es\/en\/bibliografias\/\" \/>\n<meta property=\"og:locale\" content=\"en_GB\" \/>\n<meta property=\"og:type\" content=\"article\" \/>\n<meta property=\"og:title\" content=\"Links &amp; Bibliografias - Formaci\u00f3n Pr\u00e1ctica en Finanzas - Roberto Knop\" \/>\n<meta property=\"og:description\" content=\"LINKS Euribor Tipos de inter\u00e9s Bonos gobierno FX EURUSD spot &amp; forward Volatilidad FX Swaps de tipos de interes LIBROS RECOMENDADOS POR TEMA DERIVADOS T\u00edtulo Autor Editorial A guide to Credit Derivatives Davies PWC All about hedge funds Jaeger McGrawlHill&#x2026; Read More Links &amp; Bibliografias\" \/>\n<meta property=\"og:url\" content=\"https:\/\/knop.es\/en\/bibliografias\/\" \/>\n<meta property=\"og:site_name\" content=\"Formaci\u00f3n Pr\u00e1ctica en Finanzas - Roberto Knop\" \/>\n<meta property=\"article:modified_time\" content=\"2023-05-11T10:20:34+00:00\" \/>\n<meta property=\"og:image\" content=\"https:\/\/knop.es\/wp-content\/uploads\/2018\/02\/pexels-photo-261857.jpeg\" \/>\n\t<meta property=\"og:image:width\" content=\"1920\" \/>\n\t<meta property=\"og:image:height\" content=\"1280\" \/>\n\t<meta property=\"og:image:type\" content=\"image\/jpeg\" \/>\n<meta name=\"twitter:card\" content=\"summary_large_image\" \/>\n<meta name=\"twitter:label1\" content=\"Estimated reading time\" \/>\n\t<meta name=\"twitter:data1\" content=\"3 minutes\" \/>\n<script type=\"application\/ld+json\" class=\"yoast-schema-graph\">{\"@context\":\"https:\\\/\\\/schema.org\",\"@graph\":[{\"@type\":\"WebPage\",\"@id\":\"https:\\\/\\\/knop.es\\\/bibliografias\\\/\",\"url\":\"https:\\\/\\\/knop.es\\\/bibliografias\\\/\",\"name\":\"Links &amp; Bibliografias - Formaci\u00f3n Pr\u00e1ctica en Finanzas - Roberto Knop\",\"isPartOf\":{\"@id\":\"https:\\\/\\\/knop.es\\\/#website\"},\"primaryImageOfPage\":{\"@id\":\"https:\\\/\\\/knop.es\\\/bibliografias\\\/#primaryimage\"},\"image\":{\"@id\":\"https:\\\/\\\/knop.es\\\/bibliografias\\\/#primaryimage\"},\"thumbnailUrl\":\"https:\\\/\\\/i0.wp.com\\\/knop.es\\\/wp-content\\\/uploads\\\/2018\\\/02\\\/pexels-photo-261857.jpeg?fit=1920%2C1280&ssl=1\",\"datePublished\":\"2018-02-20T22:24:20+00:00\",\"dateModified\":\"2023-05-11T10:20:34+00:00\",\"breadcrumb\":{\"@id\":\"https:\\\/\\\/knop.es\\\/bibliografias\\\/#breadcrumb\"},\"inLanguage\":\"en-GB\",\"potentialAction\":[{\"@type\":\"ReadAction\",\"target\":[\"https:\\\/\\\/knop.es\\\/bibliografias\\\/\"]}]},{\"@type\":\"ImageObject\",\"inLanguage\":\"en-GB\",\"@id\":\"https:\\\/\\\/knop.es\\\/bibliografias\\\/#primaryimage\",\"url\":\"https:\\\/\\\/i0.wp.com\\\/knop.es\\\/wp-content\\\/uploads\\\/2018\\\/02\\\/pexels-photo-261857.jpeg?fit=1920%2C1280&ssl=1\",\"contentUrl\":\"https:\\\/\\\/i0.wp.com\\\/knop.es\\\/wp-content\\\/uploads\\\/2018\\\/02\\\/pexels-photo-261857.jpeg?fit=1920%2C1280&ssl=1\",\"width\":1920,\"height\":1280},{\"@type\":\"BreadcrumbList\",\"@id\":\"https:\\\/\\\/knop.es\\\/bibliografias\\\/#breadcrumb\",\"itemListElement\":[{\"@type\":\"ListItem\",\"position\":1,\"name\":\"Roberto Knop\",\"item\":\"https:\\\/\\\/knop.es\\\/\"},{\"@type\":\"ListItem\",\"position\":2,\"name\":\"Links &amp; Bibliografias\"}]},{\"@type\":\"WebSite\",\"@id\":\"https:\\\/\\\/knop.es\\\/#website\",\"url\":\"https:\\\/\\\/knop.es\\\/\",\"name\":\"Formaci\u00f3n Pr\u00e1ctica en Finanzas - Roberto Knop\",\"description\":\"\",\"potentialAction\":[{\"@type\":\"SearchAction\",\"target\":{\"@type\":\"EntryPoint\",\"urlTemplate\":\"https:\\\/\\\/knop.es\\\/?s={search_term_string}\"},\"query-input\":{\"@type\":\"PropertyValueSpecification\",\"valueRequired\":true,\"valueName\":\"search_term_string\"}}],\"inLanguage\":\"en-GB\"}]}<\/script>\n<!-- \/ Yoast SEO plugin. -->","yoast_head_json":{"title":"Links &amp; Bibliografias - Formaci\u00f3n Pr\u00e1ctica en Finanzas - Roberto Knop","robots":{"index":"index","follow":"follow","max-snippet":"max-snippet:-1","max-image-preview":"max-image-preview:large","max-video-preview":"max-video-preview:-1"},"canonical":"https:\/\/knop.es\/en\/bibliografias\/","og_locale":"en_GB","og_type":"article","og_title":"Links &amp; Bibliografias - Formaci\u00f3n Pr\u00e1ctica en Finanzas - Roberto Knop","og_description":"LINKS Euribor Tipos de inter\u00e9s Bonos gobierno FX EURUSD spot &amp; forward Volatilidad FX Swaps de tipos de interes LIBROS RECOMENDADOS POR TEMA DERIVADOS T\u00edtulo Autor Editorial A guide to Credit Derivatives Davies PWC All about hedge funds Jaeger McGrawlHill&#x2026; Read More Links &amp; Bibliografias","og_url":"https:\/\/knop.es\/en\/bibliografias\/","og_site_name":"Formaci\u00f3n Pr\u00e1ctica en Finanzas - Roberto Knop","article_modified_time":"2023-05-11T10:20:34+00:00","og_image":[{"width":1920,"height":1280,"url":"https:\/\/knop.es\/wp-content\/uploads\/2018\/02\/pexels-photo-261857.jpeg","type":"image\/jpeg"}],"twitter_card":"summary_large_image","twitter_misc":{"Estimated reading time":"3 minutes"},"schema":{"@context":"https:\/\/schema.org","@graph":[{"@type":"WebPage","@id":"https:\/\/knop.es\/bibliografias\/","url":"https:\/\/knop.es\/bibliografias\/","name":"Links &amp; Bibliografias - Formaci\u00f3n Pr\u00e1ctica en Finanzas - Roberto Knop","isPartOf":{"@id":"https:\/\/knop.es\/#website"},"primaryImageOfPage":{"@id":"https:\/\/knop.es\/bibliografias\/#primaryimage"},"image":{"@id":"https:\/\/knop.es\/bibliografias\/#primaryimage"},"thumbnailUrl":"https:\/\/i0.wp.com\/knop.es\/wp-content\/uploads\/2018\/02\/pexels-photo-261857.jpeg?fit=1920%2C1280&ssl=1","datePublished":"2018-02-20T22:24:20+00:00","dateModified":"2023-05-11T10:20:34+00:00","breadcrumb":{"@id":"https:\/\/knop.es\/bibliografias\/#breadcrumb"},"inLanguage":"en-GB","potentialAction":[{"@type":"ReadAction","target":["https:\/\/knop.es\/bibliografias\/"]}]},{"@type":"ImageObject","inLanguage":"en-GB","@id":"https:\/\/knop.es\/bibliografias\/#primaryimage","url":"https:\/\/i0.wp.com\/knop.es\/wp-content\/uploads\/2018\/02\/pexels-photo-261857.jpeg?fit=1920%2C1280&ssl=1","contentUrl":"https:\/\/i0.wp.com\/knop.es\/wp-content\/uploads\/2018\/02\/pexels-photo-261857.jpeg?fit=1920%2C1280&ssl=1","width":1920,"height":1280},{"@type":"BreadcrumbList","@id":"https:\/\/knop.es\/bibliografias\/#breadcrumb","itemListElement":[{"@type":"ListItem","position":1,"name":"Roberto Knop","item":"https:\/\/knop.es\/"},{"@type":"ListItem","position":2,"name":"Links &amp; Bibliografias"}]},{"@type":"WebSite","@id":"https:\/\/knop.es\/#website","url":"https:\/\/knop.es\/","name":"Formaci\u00f3n Pr\u00e1ctica en Finanzas - Roberto Knop","description":"","potentialAction":[{"@type":"SearchAction","target":{"@type":"EntryPoint","urlTemplate":"https:\/\/knop.es\/?s={search_term_string}"},"query-input":{"@type":"PropertyValueSpecification","valueRequired":true,"valueName":"search_term_string"}}],"inLanguage":"en-GB"}]}},"jetpack_likes_enabled":true,"jetpack_sharing_enabled":true,"jetpack_shortlink":"https:\/\/wp.me\/P9C4gJ-2l","_links":{"self":[{"href":"https:\/\/knop.es\/en\/wp-json\/wp\/v2\/pages\/145","targetHints":{"allow":["GET"]}}],"collection":[{"href":"https:\/\/knop.es\/en\/wp-json\/wp\/v2\/pages"}],"about":[{"href":"https:\/\/knop.es\/en\/wp-json\/wp\/v2\/types\/page"}],"author":[{"embeddable":true,"href":"https:\/\/knop.es\/en\/wp-json\/wp\/v2\/users\/134317148"}],"replies":[{"embeddable":true,"href":"https:\/\/knop.es\/en\/wp-json\/wp\/v2\/comments?post=145"}],"version-history":[{"count":14,"href":"https:\/\/knop.es\/en\/wp-json\/wp\/v2\/pages\/145\/revisions"}],"predecessor-version":[{"id":1528,"href":"https:\/\/knop.es\/en\/wp-json\/wp\/v2\/pages\/145\/revisions\/1528"}],"wp:featuredmedia":[{"embeddable":true,"href":"https:\/\/knop.es\/en\/wp-json\/wp\/v2\/media\/162"}],"wp:attachment":[{"href":"https:\/\/knop.es\/en\/wp-json\/wp\/v2\/media?parent=145"}],"curies":[{"name":"wp","href":"https:\/\/api.w.org\/{rel}","templated":true}]}}