{"id":461,"date":"2021-02-07T22:52:27","date_gmt":"2021-02-07T22:52:27","guid":{"rendered":"http:\/\/knop.es\/?page_id=461"},"modified":"2023-05-11T13:03:56","modified_gmt":"2023-05-11T11:03:56","slug":"pildoras-formativas-a-medida-pfm","status":"publish","type":"page","link":"https:\/\/knop.es\/en\/pildoras-formativas-a-medida-pfm\/","title":{"rendered":"Pills Training Measurement (PFM)"},"content":{"rendered":"\n<div class=\"wp-block-group alignwide\"><div class=\"wp-block-group__inner-container is-layout-flow wp-block-group-is-layout-flow\">\n<div style=\"height:32px\" aria-hidden=\"true\" class=\"wp-block-spacer\"><\/div>\n\n\n\n<div class=\"wp-block-jetpack-layout-grid alignfull column1-desktop-grid__span-12 column1-desktop-grid__row-1 column1-tablet-grid__span-8 column1-tablet-grid__row-1 column1-mobile-grid__span-4 column1-mobile-grid__row-1 are-vertically-aligned-center\">\n<div class=\"wp-block-jetpack-layout-grid-column wp-block-jetpack-layout-grid__padding-none is-vertically-aligned-center\">\n<p class=\"wp-block-paragraph\" style=\"font-size:36px\"><strong>Una formaci\u00f3n que se adapta a las necesidades concretas de:<\/strong><\/p>\n\n\n\n<ul class=\"wp-block-list\">\n<li>Personas: de 1 a 10 personas<\/li>\n\n\n\n<li>Temas: cubriendo necesidades concretas<\/li>\n\n\n\n<li>Tiempos: ajust\u00e1ndose a temas y disponibilidad<\/li>\n\n\n\n<li>Costes: minimiz\u00e1ndolos <\/li>\n<\/ul>\n<\/div>\n<\/div>\n<\/div><\/div>\n\n\n\n<div class=\"wp-block-group alignwide\"><div class=\"wp-block-group__inner-container is-layout-constrained wp-block-group-is-layout-constrained\">\n<div class=\"wp-block-jetpack-layout-grid alignfull column1-desktop-grid__span-12 column1-desktop-grid__row-1 column1-tablet-grid__span-8 column1-tablet-grid__row-1 column1-mobile-grid__span-4 column1-mobile-grid__row-1\">\n<div class=\"wp-block-jetpack-layout-grid-column wp-block-jetpack-layout-grid__padding-none\">\n<div class=\"wp-block-media-text alignwide has-media-on-the-right is-stacked-on-mobile\" style=\"grid-template-columns:auto 15%\"><div class=\"wp-block-media-text__content\">\n<p class=\"has-large-font-size wp-block-paragraph\"><strong>P\u00edldoras Formativas en Streaming<\/strong><\/p>\n\n\n\n<ul class=\"wp-block-list\">\n<li><strong>Sesiones cortas <\/strong>(1 hora) x n\u00famero de sesiones que sean necesarias seg\u00fan el tema y objetivos.<\/li>\n\n\n\n<li>En <strong>streaming<\/strong> directo a trav\u00e9s de Zoom<\/li>\n\n\n\n<li>Contenido concreto de temas espec\u00edficos.<\/li>\n\n\n\n<li><strong>Enfoque te\u00f3rico-pr\u00e1ctico<\/strong> 50%-50%. Casos en Excel, VBA u otros lenguajes de programaci\u00f3n seg\u00fan necesidad.<\/li>\n\n\n\n<li><strong>Soporte de las sesiones<\/strong>: Zoom, Microsoft Powerpoint, Prezi, Microsoft Excel-VBA (Python, R\u2026 en caso de ser requerido), Google Sheets, Bloomberg, Pizarra Digital.<\/li>\n\n\n\n<li><strong>Para grupos entre 1-5 personas<\/strong> (pueden ser m\u00e1s pero se reduce progresivamente la atenci\u00f3n personalizada seg\u00fan aumenta el n\u00famero de alumnos).<\/li>\n<\/ul>\n\n\n\n<div class=\"wp-block-buttons is-layout-flex wp-block-buttons-is-layout-flex\">\n<div class=\"wp-block-button is-style-fill\"><a class=\"wp-block-button__link wp-element-button\" href=\"https:\/\/knop.es\/contacto\/\" rel=\"#\">M\u00e1s informaci\u00f3n<\/a><\/div>\n<\/div>\n<\/div><figure class=\"wp-block-media-text__media\"><img data-recalc-dims=\"1\" decoding=\"async\" src=\"https:\/\/a8ctm1.files.wordpress.com\/2020\/01\/nick-adams-ytwq8n3-4k0-unsplash-1.jpg?w=720\" alt=\"\" class=\"wp-image-803 size-full\"\/><\/figure><\/div>\n<\/div>\n<\/div>\n<\/div><\/div>\n\n\n\n<p class=\"wp-block-paragraph\"><strong>Contacta conmigo a trav\u00e9s de este formulario<\/strong><\/p>\n\n\n<div class=\"wpforms-container wpforms-container-full wpforms-block wpforms-block-248c417e-e140-4a78-b44a-fa4bef61b293 wpforms-render-modern\" id=\"wpforms-1234\"><form id=\"wpforms-form-1234\" class=\"wpforms-validate wpforms-form wpforms-ajax-form\" data-formid=\"1234\" method=\"post\" enctype=\"multipart\/form-data\" action=\"\/en\/wp-json\/wp\/v2\/pages\/461\" data-token=\"635dc3b6787863c01a07aca8d96b6b60\" data-token-time=\"1776327138\"><noscript class=\"wpforms-error-noscript\">Please enable JavaScript in your browser to complete this form.<\/noscript><div id=\"wpforms-error-noscript\" style=\"display: none;\">Please enable JavaScript in your browser to complete this form.<\/div><div class=\"wpforms-field-container\"><div id=\"wpforms-1234-field_0-container\" class=\"wpforms-field wpforms-field-name\" data-field-id=\"0\"><label class=\"wpforms-field-label\" for=\"wpforms-1234-field_0\">Nombre <span class=\"wpforms-required-label\" aria-hidden=\"true\">*<\/span><\/label><input type=\"text\" id=\"wpforms-1234-field_0\" class=\"wpforms-field-large wpforms-field-required\" name=\"wpforms[fields][0]\" aria-errormessage=\"wpforms-1234-field_0-error\" required><\/div><div id=\"wpforms-1234-field_1-container\" class=\"wpforms-field wpforms-field-email\" data-field-id=\"1\"><label class=\"wpforms-field-label\" for=\"wpforms-1234-field_1\">Correo electr\u00f3nico <span class=\"wpforms-required-label\" aria-hidden=\"true\">*<\/span><\/label><input type=\"email\" id=\"wpforms-1234-field_1\" class=\"wpforms-field-large wpforms-field-required\" name=\"wpforms[fields][1]\" spellcheck=\"false\" aria-errormessage=\"wpforms-1234-field_1-error\" required><\/div><div id=\"wpforms-1234-field_2-container\" class=\"wpforms-field wpforms-field-textarea\" data-field-id=\"2\"><label class=\"wpforms-field-label\" for=\"wpforms-1234-field_2\">Comentario o mensaje<\/label><textarea id=\"wpforms-1234-field_2\" class=\"wpforms-field-medium\" name=\"wpforms[fields][2]\" aria-errormessage=\"wpforms-1234-field_2-error\" ><\/textarea><\/div><div id=\"wpforms-1234-field_3-container\" class=\"wpforms-field wpforms-field-checkbox\" data-field-id=\"3\"><fieldset><legend class=\"wpforms-field-label\">Politica privacidad <span class=\"wpforms-required-label\" aria-hidden=\"true\">*<\/span><\/legend><ul id=\"wpforms-1234-field_3\" class=\"wpforms-field-required\"><li class=\"choice-1 depth-1\"><input type=\"checkbox\" id=\"wpforms-1234-field_3_1\" name=\"wpforms[fields][3][]\" value=\"Acepto la &lt;a href=&quot;https:\/\/knop.es\/politica-privacidad\/&quot; rel=&quot;nofollow&quot; target=&quot;_blank&quot;&gt;Pol\u00edtica de privacidad&lt;\/a&gt;\" aria-errormessage=\"wpforms-1234-field_3_1-error\" required ><label class=\"wpforms-field-label-inline\" for=\"wpforms-1234-field_3_1\">Acepto la <a href=\"https:\/\/knop.es\/politica-privacidad\/\" rel=\"nofollow\" target=\"_blank\">Pol\u00edtica de privacidad<\/a><\/label><\/li><\/ul><\/fieldset><\/div><\/div><!-- .wpforms-field-container --><div class=\"wpforms-recaptcha-container wpforms-is-recaptcha wpforms-is-recaptcha-type-v3\" ><input type=\"hidden\" name=\"wpforms[recaptcha]\" value=\"\"><\/div><div class=\"wpforms-submit-container\" ><input type=\"hidden\" name=\"wpforms[id]\" value=\"1234\"><input type=\"hidden\" name=\"page_title\" value=\"\"><input type=\"hidden\" name=\"page_url\" value=\"https:\/\/knop.es\/en\/wp-json\/wp\/v2\/pages\/461\"><input type=\"hidden\" name=\"url_referer\" value=\"\"><button type=\"submit\" name=\"wpforms[submit]\" id=\"wpforms-submit-1234\" class=\"wpforms-submit\" data-alt-text=\"Enviando...\" data-submit-text=\"Enviar\" aria-live=\"assertive\" value=\"wpforms-submit\">Enviar<\/button><img decoding=\"async\" src=\"https:\/\/knop.es\/wp-content\/plugins\/wpforms-lite\/assets\/images\/submit-spin.svg\" class=\"wpforms-submit-spinner\" style=\"display: none;\" width=\"26\" height=\"26\" alt=\"Loading\"><\/div><\/form><\/div>  <!-- .wpforms-container -->\n\n<div class=\"kk-star-ratings kksr-auto kksr-align-center kksr-valign-bottom\"\n    data-payload='{&quot;align&quot;:&quot;center&quot;,&quot;id&quot;:&quot;461&quot;,&quot;slug&quot;:&quot;default&quot;,&quot;valign&quot;:&quot;bottom&quot;,&quot;ignore&quot;:&quot;&quot;,&quot;reference&quot;:&quot;auto&quot;,&quot;class&quot;:&quot;&quot;,&quot;count&quot;:&quot;0&quot;,&quot;legendonly&quot;:&quot;&quot;,&quot;readonly&quot;:&quot;&quot;,&quot;score&quot;:&quot;0&quot;,&quot;starsonly&quot;:&quot;&quot;,&quot;best&quot;:&quot;5&quot;,&quot;gap&quot;:&quot;5&quot;,&quot;greet&quot;:&quot;Rate this page&quot;,&quot;legend&quot;:&quot;0\\\/5 - (0 votes)&quot;,&quot;size&quot;:&quot;24&quot;,&quot;title&quot;:&quot;P\u00edldoras Formativas a Medida (PFM)&quot;,&quot;width&quot;:&quot;0&quot;,&quot;_legend&quot;:&quot;{score}\\\/{best} - ({count} {votes})&quot;,&quot;font_factor&quot;:&quot;1.25&quot;}'>\n            \n<div class=\"kksr-stars\">\n    \n<div class=\"kksr-stars-inactive\">\n            <div class=\"kksr-star\" data-star=\"1\" style=\"padding-right: 5px\">\n            \n\n<div class=\"kksr-icon\" style=\"width: 24px; height: 24px;\"><\/div>\n        <\/div>\n            <div class=\"kksr-star\" data-star=\"2\" style=\"padding-right: 5px\">\n            \n\n<div class=\"kksr-icon\" style=\"width: 24px; height: 24px;\"><\/div>\n        <\/div>\n            <div class=\"kksr-star\" data-star=\"3\" style=\"padding-right: 5px\">\n            \n\n<div class=\"kksr-icon\" style=\"width: 24px; height: 24px;\"><\/div>\n        <\/div>\n            <div class=\"kksr-star\" data-star=\"4\" style=\"padding-right: 5px\">\n            \n\n<div class=\"kksr-icon\" style=\"width: 24px; height: 24px;\"><\/div>\n        <\/div>\n            <div class=\"kksr-star\" data-star=\"5\" style=\"padding-right: 5px\">\n            \n\n<div class=\"kksr-icon\" style=\"width: 24px; height: 24px;\"><\/div>\n        <\/div>\n    <\/div>\n    \n<div class=\"kksr-stars-active\" style=\"width: 0px;\">\n            <div class=\"kksr-star\" style=\"padding-right: 5px\">\n            \n\n<div class=\"kksr-icon\" style=\"width: 24px; height: 24px;\"><\/div>\n        <\/div>\n            <div class=\"kksr-star\" style=\"padding-right: 5px\">\n            \n\n<div class=\"kksr-icon\" style=\"width: 24px; height: 24px;\"><\/div>\n        <\/div>\n            <div class=\"kksr-star\" style=\"padding-right: 5px\">\n            \n\n<div class=\"kksr-icon\" style=\"width: 24px; height: 24px;\"><\/div>\n        <\/div>\n            <div class=\"kksr-star\" style=\"padding-right: 5px\">\n            \n\n<div class=\"kksr-icon\" style=\"width: 24px; height: 24px;\"><\/div>\n        <\/div>\n            <div class=\"kksr-star\" style=\"padding-right: 5px\">\n            \n\n<div class=\"kksr-icon\" style=\"width: 24px; height: 24px;\"><\/div>\n        <\/div>\n    <\/div>\n<\/div>\n                \n\n<div class=\"kksr-legend\" style=\"font-size: 19.2px;\">\n            <span class=\"kksr-muted\">Rate this page<\/span>\n    <\/div>\n    <\/div>\n","protected":false},"excerpt":{"rendered":"<p>Una formaci\u00f3n que se adapta a las necesidades concretas de: P\u00edldoras Formativas en Streaming Contacta conmigo a trav\u00e9s de este formulario<\/p>","protected":false},"author":134317148,"featured_media":0,"parent":0,"menu_order":0,"comment_status":"closed","ping_status":"closed","template":"","meta":{"_coblocks_attr":"","_coblocks_dimensions":"","_coblocks_responsive_height":"","_coblocks_accordion_ie_support":"","_crdt_document":"","_joinchat":[],"footnotes":""},"class_list":["post-461","page","type-page","status-publish","hentry"],"yoast_head":"<!-- This site is optimized with the Yoast SEO plugin v27.4 - https:\/\/yoast.com\/product\/yoast-seo-wordpress\/ -->\n<title>P\u00edldoras Formativas a Medida (PFM) - Formaci\u00f3n Pr\u00e1ctica en Finanzas - Roberto Knop<\/title>\n<meta name=\"robots\" content=\"index, follow, max-snippet:-1, max-image-preview:large, max-video-preview:-1\" \/>\n<link rel=\"canonical\" href=\"https:\/\/knop.es\/en\/pildoras-formativas-a-medida-pfm\/\" \/>\n<meta property=\"og:locale\" content=\"en_GB\" \/>\n<meta property=\"og:type\" content=\"article\" \/>\n<meta property=\"og:title\" content=\"P\u00edldoras Formativas a Medida (PFM) - Formaci\u00f3n Pr\u00e1ctica en Finanzas - Roberto Knop\" \/>\n<meta property=\"og:description\" content=\"Una formaci\u00f3n que se adapta a las necesidades concretas de: P\u00edldoras Formativas en Streaming Contacta conmigo a trav\u00e9s de este formulario\" \/>\n<meta property=\"og:url\" content=\"https:\/\/knop.es\/en\/pildoras-formativas-a-medida-pfm\/\" \/>\n<meta property=\"og:site_name\" content=\"Formaci\u00f3n Pr\u00e1ctica en Finanzas - Roberto Knop\" \/>\n<meta property=\"article:modified_time\" content=\"2023-05-11T11:03:56+00:00\" \/>\n<meta property=\"og:image\" content=\"https:\/\/a8ctm1.files.wordpress.com\/2020\/01\/nick-adams-ytwq8n3-4k0-unsplash-1.jpg?w=750\" \/>\n<meta name=\"twitter:card\" content=\"summary_large_image\" \/>\n<meta name=\"twitter:label1\" content=\"Estimated reading time\" \/>\n\t<meta name=\"twitter:data1\" content=\"1 minute\" \/>\n<script type=\"application\/ld+json\" class=\"yoast-schema-graph\">{\"@context\":\"https:\\\/\\\/schema.org\",\"@graph\":[{\"@type\":\"WebPage\",\"@id\":\"https:\\\/\\\/knop.es\\\/pildoras-formativas-a-medida-pfm\\\/\",\"url\":\"https:\\\/\\\/knop.es\\\/pildoras-formativas-a-medida-pfm\\\/\",\"name\":\"P\u00edldoras Formativas a Medida (PFM) - Formaci\u00f3n Pr\u00e1ctica en Finanzas - Roberto Knop\",\"isPartOf\":{\"@id\":\"https:\\\/\\\/knop.es\\\/#website\"},\"primaryImageOfPage\":{\"@id\":\"https:\\\/\\\/knop.es\\\/pildoras-formativas-a-medida-pfm\\\/#primaryimage\"},\"image\":{\"@id\":\"https:\\\/\\\/knop.es\\\/pildoras-formativas-a-medida-pfm\\\/#primaryimage\"},\"thumbnailUrl\":\"https:\\\/\\\/a8ctm1.files.wordpress.com\\\/2020\\\/01\\\/nick-adams-ytwq8n3-4k0-unsplash-1.jpg?w=750\",\"datePublished\":\"2021-02-07T22:52:27+00:00\",\"dateModified\":\"2023-05-11T11:03:56+00:00\",\"breadcrumb\":{\"@id\":\"https:\\\/\\\/knop.es\\\/pildoras-formativas-a-medida-pfm\\\/#breadcrumb\"},\"inLanguage\":\"en-GB\",\"potentialAction\":[{\"@type\":\"ReadAction\",\"target\":[\"https:\\\/\\\/knop.es\\\/pildoras-formativas-a-medida-pfm\\\/\"]}]},{\"@type\":\"ImageObject\",\"inLanguage\":\"en-GB\",\"@id\":\"https:\\\/\\\/knop.es\\\/pildoras-formativas-a-medida-pfm\\\/#primaryimage\",\"url\":\"https:\\\/\\\/a8ctm1.files.wordpress.com\\\/2020\\\/01\\\/nick-adams-ytwq8n3-4k0-unsplash-1.jpg?w=750\",\"contentUrl\":\"https:\\\/\\\/a8ctm1.files.wordpress.com\\\/2020\\\/01\\\/nick-adams-ytwq8n3-4k0-unsplash-1.jpg?w=750\"},{\"@type\":\"BreadcrumbList\",\"@id\":\"https:\\\/\\\/knop.es\\\/pildoras-formativas-a-medida-pfm\\\/#breadcrumb\",\"itemListElement\":[{\"@type\":\"ListItem\",\"position\":1,\"name\":\"Roberto Knop\",\"item\":\"https:\\\/\\\/knop.es\\\/\"},{\"@type\":\"ListItem\",\"position\":2,\"name\":\"P\u00edldoras Formativas a Medida (PFM)\"}]},{\"@type\":\"WebSite\",\"@id\":\"https:\\\/\\\/knop.es\\\/#website\",\"url\":\"https:\\\/\\\/knop.es\\\/\",\"name\":\"Formaci\u00f3n Pr\u00e1ctica en Finanzas - Roberto Knop\",\"description\":\"\",\"potentialAction\":[{\"@type\":\"SearchAction\",\"target\":{\"@type\":\"EntryPoint\",\"urlTemplate\":\"https:\\\/\\\/knop.es\\\/?s={search_term_string}\"},\"query-input\":{\"@type\":\"PropertyValueSpecification\",\"valueRequired\":true,\"valueName\":\"search_term_string\"}}],\"inLanguage\":\"en-GB\"}]}<\/script>\n<!-- \/ Yoast SEO plugin. -->","yoast_head_json":{"title":"P\u00edldoras Formativas a Medida (PFM) - Formaci\u00f3n Pr\u00e1ctica en Finanzas - Roberto Knop","robots":{"index":"index","follow":"follow","max-snippet":"max-snippet:-1","max-image-preview":"max-image-preview:large","max-video-preview":"max-video-preview:-1"},"canonical":"https:\/\/knop.es\/en\/pildoras-formativas-a-medida-pfm\/","og_locale":"en_GB","og_type":"article","og_title":"P\u00edldoras Formativas a Medida (PFM) - Formaci\u00f3n Pr\u00e1ctica en Finanzas - Roberto Knop","og_description":"Una formaci\u00f3n que se adapta a las necesidades concretas de: P\u00edldoras Formativas en Streaming Contacta conmigo a trav\u00e9s de este formulario","og_url":"https:\/\/knop.es\/en\/pildoras-formativas-a-medida-pfm\/","og_site_name":"Formaci\u00f3n Pr\u00e1ctica en Finanzas - Roberto Knop","article_modified_time":"2023-05-11T11:03:56+00:00","og_image":[{"url":"https:\/\/a8ctm1.files.wordpress.com\/2020\/01\/nick-adams-ytwq8n3-4k0-unsplash-1.jpg?w=750","type":"","width":"","height":""}],"twitter_card":"summary_large_image","twitter_misc":{"Estimated reading time":"1 minute"},"schema":{"@context":"https:\/\/schema.org","@graph":[{"@type":"WebPage","@id":"https:\/\/knop.es\/pildoras-formativas-a-medida-pfm\/","url":"https:\/\/knop.es\/pildoras-formativas-a-medida-pfm\/","name":"P\u00edldoras Formativas a Medida (PFM) - Formaci\u00f3n Pr\u00e1ctica en Finanzas - Roberto Knop","isPartOf":{"@id":"https:\/\/knop.es\/#website"},"primaryImageOfPage":{"@id":"https:\/\/knop.es\/pildoras-formativas-a-medida-pfm\/#primaryimage"},"image":{"@id":"https:\/\/knop.es\/pildoras-formativas-a-medida-pfm\/#primaryimage"},"thumbnailUrl":"https:\/\/a8ctm1.files.wordpress.com\/2020\/01\/nick-adams-ytwq8n3-4k0-unsplash-1.jpg?w=750","datePublished":"2021-02-07T22:52:27+00:00","dateModified":"2023-05-11T11:03:56+00:00","breadcrumb":{"@id":"https:\/\/knop.es\/pildoras-formativas-a-medida-pfm\/#breadcrumb"},"inLanguage":"en-GB","potentialAction":[{"@type":"ReadAction","target":["https:\/\/knop.es\/pildoras-formativas-a-medida-pfm\/"]}]},{"@type":"ImageObject","inLanguage":"en-GB","@id":"https:\/\/knop.es\/pildoras-formativas-a-medida-pfm\/#primaryimage","url":"https:\/\/a8ctm1.files.wordpress.com\/2020\/01\/nick-adams-ytwq8n3-4k0-unsplash-1.jpg?w=750","contentUrl":"https:\/\/a8ctm1.files.wordpress.com\/2020\/01\/nick-adams-ytwq8n3-4k0-unsplash-1.jpg?w=750"},{"@type":"BreadcrumbList","@id":"https:\/\/knop.es\/pildoras-formativas-a-medida-pfm\/#breadcrumb","itemListElement":[{"@type":"ListItem","position":1,"name":"Roberto Knop","item":"https:\/\/knop.es\/"},{"@type":"ListItem","position":2,"name":"P\u00edldoras Formativas a Medida (PFM)"}]},{"@type":"WebSite","@id":"https:\/\/knop.es\/#website","url":"https:\/\/knop.es\/","name":"Formaci\u00f3n Pr\u00e1ctica en Finanzas - Roberto Knop","description":"","potentialAction":[{"@type":"SearchAction","target":{"@type":"EntryPoint","urlTemplate":"https:\/\/knop.es\/?s={search_term_string}"},"query-input":{"@type":"PropertyValueSpecification","valueRequired":true,"valueName":"search_term_string"}}],"inLanguage":"en-GB"}]}},"jetpack_likes_enabled":true,"jetpack_sharing_enabled":true,"jetpack_shortlink":"https:\/\/wp.me\/P9C4gJ-7r","_links":{"self":[{"href":"https:\/\/knop.es\/en\/wp-json\/wp\/v2\/pages\/461","targetHints":{"allow":["GET"]}}],"collection":[{"href":"https:\/\/knop.es\/en\/wp-json\/wp\/v2\/pages"}],"about":[{"href":"https:\/\/knop.es\/en\/wp-json\/wp\/v2\/types\/page"}],"author":[{"embeddable":true,"href":"https:\/\/knop.es\/en\/wp-json\/wp\/v2\/users\/134317148"}],"replies":[{"embeddable":true,"href":"https:\/\/knop.es\/en\/wp-json\/wp\/v2\/comments?post=461"}],"version-history":[{"count":28,"href":"https:\/\/knop.es\/en\/wp-json\/wp\/v2\/pages\/461\/revisions"}],"predecessor-version":[{"id":1529,"href":"https:\/\/knop.es\/en\/wp-json\/wp\/v2\/pages\/461\/revisions\/1529"}],"wp:attachment":[{"href":"https:\/\/knop.es\/en\/wp-json\/wp\/v2\/media?parent=461"}],"curies":[{"name":"wp","href":"https:\/\/api.w.org\/{rel}","templated":true}]}}