{"id":526,"date":"2021-05-03T16:37:02","date_gmt":"2021-05-03T16:37:02","guid":{"rendered":"https:\/\/knop.es\/?page_id=526"},"modified":"2023-04-25T09:37:20","modified_gmt":"2023-04-25T07:37:20","slug":"consultoria","status":"publish","type":"page","link":"https:\/\/knop.es\/en\/consultoria\/","title":{"rendered":"Consulting"},"content":{"rendered":"<h2 style=\"text-align: center;\"><strong><span style=\"color: #003366;\">Background<\/span><\/strong><\/h2>\n<p style=\"text-align: center;\">Roberto Knop viene desarrollando una dilatada actividad de consultor\u00eda <em>in company<\/em> en los siguientes pa\u00edses:<\/p>\n<ul>\n<li style=\"padding-left: 30px;\">Arabia Saudi<\/li>\n<li style=\"padding-left: 30px;\">Chile<\/li>\n<li style=\"padding-left: 30px;\">Colombia<\/li>\n<li style=\"padding-left: 30px;\">Ecuador<\/li>\n<li style=\"padding-left: 30px;\">Egipto<\/li>\n<li style=\"padding-left: 30px;\">Espa\u00f1a<\/li>\n<\/ul>\n<h2 style=\"text-align: center;\"><span style=\"color: #003366;\"><strong>\u00c1mbitos de consultor\u00eda<\/strong>&nbsp;<\/span><\/h2>\n<ul>\n<li>\n<p>La propuesta de consultor\u00eda <em>In Company<\/em> abarca trabajos de <strong>valoraci\u00f3n, medici\u00f3n de riesgos, desarrollo de calculadoras,<\/strong> y otras soluciones financieras en los siguientes sectores:<\/p>\n<ul>\n<li><strong>Banca: <\/strong>valoraci\u00f3n de activos, derivados, productos estructurados medici\u00f3n de riesgos de mercado, cr\u00e9dito y balance.<\/li>\n<li><strong>Empresas<\/strong>: asesoramiento en coberturas, valoraci\u00f3n de derivados, cancelaci\u00f3n de operaciones, reestructuraciones.<\/li>\n<li><strong>Seguros<\/strong>: valoraci\u00f3n de activos, valoraci\u00f3n de coberturas, cash flow matching, etc<\/li>\n<li><strong>Inmobiliario<\/strong>: valoraci\u00f3n activos, modelos de negocio, metodolog\u00edas de valoraci\u00f3n y desarrollos en aplicaciones. <span style=\"color: var(--color-primary-base); font-family: var(--site-font-body); font-size: .889rem;\">&nbsp;Consejero inversiones internacionales activos inmobiliarios, alternativos.<\/span><\/li>\n<\/ul>\n<\/li>\n<\/ul>\n<h2 style=\"text-align: center;\"><strong><span style=\"color: #003366;\">Clientes<\/span><\/strong><\/h2>\n<ul>\n<li>AECI<\/li>\n<li>Bulltick Bank<\/li>\n<li>COFIDES<\/li>\n<li>Deutsche Pfandbriefbank AG<\/li>\n<li>Domum Fund<\/li>\n<li>El Corte Ingl\u00e9s<\/li>\n<li>Fundaci\u00f3n Caja de Burgos<\/li>\n<li>Ministerio de Finanzas Ecuador<\/li>\n<li>Nodus<\/li>\n<li>PKF<\/li>\n<li>Tesoro P\u00fablico Espa\u00f1a<\/li>\n<li>RGA Seguros (atrav\u00e9s de m2c)<\/li>\n<li>Seguros Abanca (atrav\u00e9s de m2c)<\/li>\n<li>West LB- D\u00fcsseldorf<\/li>\n<\/ul>\n\n\n<h2 class=\"wp-block-heading has-text-align-center has-text-color\" style=\"color:#1f3a8e\">Formulario de contacto<\/h2>\n\n\n\n<hr class=\"wp-block-separator has-alpha-channel-opacity\"\/>\n\n\n<div class=\"wpforms-container wpforms-container-full wpforms-block wpforms-block-996c3cfa-bb8d-47c2-83ac-034656fccabb wpforms-render-modern\" id=\"wpforms-1234\"><form id=\"wpforms-form-1234\" class=\"wpforms-validate wpforms-form wpforms-ajax-form\" data-formid=\"1234\" method=\"post\" enctype=\"multipart\/form-data\" action=\"\/en\/wp-json\/wp\/v2\/pages\/526\" data-token=\"4e24accb227d5ff33afa23843e2f0b98\" data-token-time=\"1777885261\"><noscript class=\"wpforms-error-noscript\">Please enable JavaScript in your browser to complete this form.<\/noscript><div id=\"wpforms-error-noscript\" style=\"display: none;\">Please enable JavaScript in your browser to complete this form.<\/div><div class=\"wpforms-field-container\"><div id=\"wpforms-1234-field_0-container\" class=\"wpforms-field wpforms-field-name\" data-field-id=\"0\"><label class=\"wpforms-field-label\" for=\"wpforms-1234-field_0\">Nombre <span class=\"wpforms-required-label\" aria-hidden=\"true\">*<\/span><\/label><input type=\"text\" id=\"wpforms-1234-field_0\" class=\"wpforms-field-large wpforms-field-required\" name=\"wpforms[fields][0]\" aria-errormessage=\"wpforms-1234-field_0-error\" required><\/div><div id=\"wpforms-1234-field_1-container\" class=\"wpforms-field wpforms-field-email\" data-field-id=\"1\"><label class=\"wpforms-field-label\" for=\"wpforms-1234-field_1\">Correo electr\u00f3nico <span class=\"wpforms-required-label\" aria-hidden=\"true\">*<\/span><\/label><input type=\"email\" id=\"wpforms-1234-field_1\" class=\"wpforms-field-large wpforms-field-required\" name=\"wpforms[fields][1]\" spellcheck=\"false\" aria-errormessage=\"wpforms-1234-field_1-error\" required><\/div><div id=\"wpforms-1234-field_2-container\" class=\"wpforms-field wpforms-field-textarea\" data-field-id=\"2\"><label class=\"wpforms-field-label\" for=\"wpforms-1234-field_2\">Comentario o mensaje<\/label><textarea id=\"wpforms-1234-field_2\" class=\"wpforms-field-medium\" name=\"wpforms[fields][2]\" aria-errormessage=\"wpforms-1234-field_2-error\" ><\/textarea><\/div><div id=\"wpforms-1234-field_3-container\" class=\"wpforms-field wpforms-field-checkbox\" data-field-id=\"3\"><fieldset><legend class=\"wpforms-field-label\">Politica privacidad <span class=\"wpforms-required-label\" aria-hidden=\"true\">*<\/span><\/legend><ul id=\"wpforms-1234-field_3\" class=\"wpforms-field-required\"><li class=\"choice-1 depth-1\"><input type=\"checkbox\" id=\"wpforms-1234-field_3_1\" name=\"wpforms[fields][3][]\" value=\"Acepto la &lt;a href=&quot;https:\/\/knop.es\/politica-privacidad\/&quot; rel=&quot;nofollow&quot; target=&quot;_blank&quot;&gt;Pol\u00edtica de privacidad&lt;\/a&gt;\" aria-errormessage=\"wpforms-1234-field_3_1-error\" required ><label class=\"wpforms-field-label-inline\" for=\"wpforms-1234-field_3_1\">Acepto la <a href=\"https:\/\/knop.es\/politica-privacidad\/\" rel=\"nofollow\" target=\"_blank\">Pol\u00edtica de privacidad<\/a><\/label><\/li><\/ul><\/fieldset><\/div><\/div><!-- .wpforms-field-container --><div class=\"wpforms-recaptcha-container wpforms-is-recaptcha wpforms-is-recaptcha-type-v3\" ><input type=\"hidden\" name=\"wpforms[recaptcha]\" value=\"\"><\/div><div class=\"wpforms-submit-container\" ><input type=\"hidden\" name=\"wpforms[id]\" value=\"1234\"><input type=\"hidden\" name=\"page_title\" value=\"\"><input type=\"hidden\" name=\"page_url\" value=\"https:\/\/knop.es\/en\/wp-json\/wp\/v2\/pages\/526\"><input type=\"hidden\" name=\"url_referer\" value=\"\"><button type=\"submit\" name=\"wpforms[submit]\" id=\"wpforms-submit-1234\" class=\"wpforms-submit\" data-alt-text=\"Enviando...\" data-submit-text=\"Enviar\" aria-live=\"assertive\" value=\"wpforms-submit\">Enviar<\/button><img decoding=\"async\" src=\"https:\/\/knop.es\/wp-content\/plugins\/wpforms-lite\/assets\/images\/submit-spin.svg\" class=\"wpforms-submit-spinner\" style=\"display: none;\" width=\"26\" height=\"26\" alt=\"Loading\"><\/div><\/form><\/div>  <!-- .wpforms-container -->\n\n<div class=\"kk-star-ratings kksr-auto kksr-align-center kksr-valign-bottom\"\n    data-payload='{&quot;align&quot;:&quot;center&quot;,&quot;id&quot;:&quot;526&quot;,&quot;slug&quot;:&quot;default&quot;,&quot;valign&quot;:&quot;bottom&quot;,&quot;ignore&quot;:&quot;&quot;,&quot;reference&quot;:&quot;auto&quot;,&quot;class&quot;:&quot;&quot;,&quot;count&quot;:&quot;0&quot;,&quot;legendonly&quot;:&quot;&quot;,&quot;readonly&quot;:&quot;&quot;,&quot;score&quot;:&quot;0&quot;,&quot;starsonly&quot;:&quot;&quot;,&quot;best&quot;:&quot;5&quot;,&quot;gap&quot;:&quot;5&quot;,&quot;greet&quot;:&quot;Rate this page&quot;,&quot;legend&quot;:&quot;0\\\/5 - (0 votes)&quot;,&quot;size&quot;:&quot;24&quot;,&quot;title&quot;:&quot;Consultor\u00eda&quot;,&quot;width&quot;:&quot;0&quot;,&quot;_legend&quot;:&quot;{score}\\\/{best} - ({count} {votes})&quot;,&quot;font_factor&quot;:&quot;1.25&quot;}'>\n            \n<div class=\"kksr-stars\">\n    \n<div class=\"kksr-stars-inactive\">\n            <div class=\"kksr-star\" data-star=\"1\" style=\"padding-right: 5px\">\n            \n\n<div class=\"kksr-icon\" style=\"width: 24px; height: 24px;\"><\/div>\n        <\/div>\n            <div class=\"kksr-star\" data-star=\"2\" style=\"padding-right: 5px\">\n            \n\n<div class=\"kksr-icon\" style=\"width: 24px; height: 24px;\"><\/div>\n        <\/div>\n            <div class=\"kksr-star\" data-star=\"3\" style=\"padding-right: 5px\">\n            \n\n<div class=\"kksr-icon\" style=\"width: 24px; height: 24px;\"><\/div>\n        <\/div>\n            <div class=\"kksr-star\" data-star=\"4\" style=\"padding-right: 5px\">\n            \n\n<div class=\"kksr-icon\" style=\"width: 24px; height: 24px;\"><\/div>\n        <\/div>\n            <div class=\"kksr-star\" data-star=\"5\" style=\"padding-right: 5px\">\n            \n\n<div class=\"kksr-icon\" style=\"width: 24px; height: 24px;\"><\/div>\n        <\/div>\n    <\/div>\n    \n<div class=\"kksr-stars-active\" style=\"width: 0px;\">\n            <div class=\"kksr-star\" style=\"padding-right: 5px\">\n            \n\n<div class=\"kksr-icon\" style=\"width: 24px; height: 24px;\"><\/div>\n        <\/div>\n            <div class=\"kksr-star\" style=\"padding-right: 5px\">\n            \n\n<div class=\"kksr-icon\" style=\"width: 24px; height: 24px;\"><\/div>\n        <\/div>\n            <div class=\"kksr-star\" style=\"padding-right: 5px\">\n            \n\n<div class=\"kksr-icon\" style=\"width: 24px; height: 24px;\"><\/div>\n        <\/div>\n            <div class=\"kksr-star\" style=\"padding-right: 5px\">\n            \n\n<div class=\"kksr-icon\" style=\"width: 24px; height: 24px;\"><\/div>\n        <\/div>\n            <div class=\"kksr-star\" style=\"padding-right: 5px\">\n            \n\n<div class=\"kksr-icon\" style=\"width: 24px; height: 24px;\"><\/div>\n        <\/div>\n    <\/div>\n<\/div>\n                \n\n<div class=\"kksr-legend\" style=\"font-size: 19.2px;\">\n            <span class=\"kksr-muted\">Rate this page<\/span>\n    <\/div>\n    <\/div>\n","protected":false},"excerpt":{"rendered":"<p>Background Roberto Knop viene desarrollando una dilatada actividad de consultor\u00eda in company en los siguientes pa\u00edses: Arabia Saudi Chile Colombia Ecuador Egipto Espa\u00f1a \u00c1mbitos de consultor\u00eda&nbsp; La propuesta de consultor\u00eda In Company abarca trabajos de valoraci\u00f3n, medici\u00f3n de riesgos, desarrollo&#x2026; <\/p>\n<p class=\"more-link-container th-uppercase th-text-2xs\"><a href=\"https:\/\/knop.es\/en\/consultoria\/\" class=\"more-link\">Read More <span class=\"screen-reader-text\">Consulting<\/span><\/a><\/p>","protected":false},"author":134317148,"featured_media":1405,"parent":0,"menu_order":0,"comment_status":"closed","ping_status":"closed","template":"","meta":{"_coblocks_attr":"","_coblocks_dimensions":"","_coblocks_responsive_height":"","_coblocks_accordion_ie_support":"","_crdt_document":"","_joinchat":[],"footnotes":""},"class_list":["post-526","page","type-page","status-publish","has-post-thumbnail","hentry"],"yoast_head":"<!-- This site is optimized with the Yoast SEO plugin v27.5 - https:\/\/yoast.com\/product\/yoast-seo-wordpress\/ -->\n<title>Consultor\u00eda - Formaci\u00f3n Pr\u00e1ctica en Finanzas - Roberto Knop<\/title>\n<meta name=\"robots\" content=\"index, follow, max-snippet:-1, max-image-preview:large, max-video-preview:-1\" \/>\n<link rel=\"canonical\" href=\"https:\/\/knop.es\/en\/consultoria\/\" \/>\n<meta property=\"og:locale\" content=\"en_GB\" \/>\n<meta property=\"og:type\" content=\"article\" \/>\n<meta property=\"og:title\" content=\"Consultor\u00eda - Formaci\u00f3n Pr\u00e1ctica en Finanzas - Roberto Knop\" \/>\n<meta property=\"og:description\" content=\"Background Roberto Knop viene desarrollando una dilatada actividad de consultor\u00eda in company en los siguientes pa\u00edses: Arabia Saudi Chile Colombia Ecuador Egipto Espa\u00f1a \u00c1mbitos de consultor\u00eda&nbsp; La propuesta de consultor\u00eda In Company abarca trabajos de valoraci\u00f3n, medici\u00f3n de riesgos, desarrollo&#x2026; Read More Consultor\u00eda\" \/>\n<meta property=\"og:url\" content=\"https:\/\/knop.es\/en\/consultoria\/\" \/>\n<meta property=\"og:site_name\" content=\"Formaci\u00f3n Pr\u00e1ctica en Finanzas - Roberto Knop\" \/>\n<meta property=\"article:modified_time\" content=\"2023-04-25T07:37:20+00:00\" \/>\n<meta property=\"og:image\" content=\"https:\/\/i0.wp.com\/knop.es\/wp-content\/uploads\/2023\/04\/FPF4.jpg?fit=1600%2C1200&ssl=1\" \/>\n\t<meta property=\"og:image:width\" content=\"1600\" \/>\n\t<meta property=\"og:image:height\" content=\"1200\" \/>\n\t<meta property=\"og:image:type\" content=\"image\/jpeg\" \/>\n<meta name=\"twitter:card\" content=\"summary_large_image\" \/>\n<meta name=\"twitter:label1\" content=\"Estimated reading time\" \/>\n\t<meta name=\"twitter:data1\" content=\"1 minute\" \/>\n<script type=\"application\/ld+json\" class=\"yoast-schema-graph\">{\"@context\":\"https:\\\/\\\/schema.org\",\"@graph\":[{\"@type\":\"WebPage\",\"@id\":\"https:\\\/\\\/knop.es\\\/consultoria\\\/\",\"url\":\"https:\\\/\\\/knop.es\\\/consultoria\\\/\",\"name\":\"Consultor\u00eda - Formaci\u00f3n Pr\u00e1ctica en Finanzas - Roberto Knop\",\"isPartOf\":{\"@id\":\"https:\\\/\\\/knop.es\\\/#website\"},\"primaryImageOfPage\":{\"@id\":\"https:\\\/\\\/knop.es\\\/consultoria\\\/#primaryimage\"},\"image\":{\"@id\":\"https:\\\/\\\/knop.es\\\/consultoria\\\/#primaryimage\"},\"thumbnailUrl\":\"https:\\\/\\\/i0.wp.com\\\/knop.es\\\/wp-content\\\/uploads\\\/2023\\\/04\\\/FPF4.jpg?fit=1600%2C1200&ssl=1\",\"datePublished\":\"2021-05-03T16:37:02+00:00\",\"dateModified\":\"2023-04-25T07:37:20+00:00\",\"breadcrumb\":{\"@id\":\"https:\\\/\\\/knop.es\\\/consultoria\\\/#breadcrumb\"},\"inLanguage\":\"en-GB\",\"potentialAction\":[{\"@type\":\"ReadAction\",\"target\":[\"https:\\\/\\\/knop.es\\\/consultoria\\\/\"]}]},{\"@type\":\"ImageObject\",\"inLanguage\":\"en-GB\",\"@id\":\"https:\\\/\\\/knop.es\\\/consultoria\\\/#primaryimage\",\"url\":\"https:\\\/\\\/i0.wp.com\\\/knop.es\\\/wp-content\\\/uploads\\\/2023\\\/04\\\/FPF4.jpg?fit=1600%2C1200&ssl=1\",\"contentUrl\":\"https:\\\/\\\/i0.wp.com\\\/knop.es\\\/wp-content\\\/uploads\\\/2023\\\/04\\\/FPF4.jpg?fit=1600%2C1200&ssl=1\",\"width\":1600,\"height\":1200},{\"@type\":\"BreadcrumbList\",\"@id\":\"https:\\\/\\\/knop.es\\\/consultoria\\\/#breadcrumb\",\"itemListElement\":[{\"@type\":\"ListItem\",\"position\":1,\"name\":\"Roberto Knop\",\"item\":\"https:\\\/\\\/knop.es\\\/\"},{\"@type\":\"ListItem\",\"position\":2,\"name\":\"Consultor\u00eda\"}]},{\"@type\":\"WebSite\",\"@id\":\"https:\\\/\\\/knop.es\\\/#website\",\"url\":\"https:\\\/\\\/knop.es\\\/\",\"name\":\"Formaci\u00f3n Pr\u00e1ctica en Finanzas - Roberto Knop\",\"description\":\"\",\"potentialAction\":[{\"@type\":\"SearchAction\",\"target\":{\"@type\":\"EntryPoint\",\"urlTemplate\":\"https:\\\/\\\/knop.es\\\/?s={search_term_string}\"},\"query-input\":{\"@type\":\"PropertyValueSpecification\",\"valueRequired\":true,\"valueName\":\"search_term_string\"}}],\"inLanguage\":\"en-GB\"}]}<\/script>\n<!-- \/ Yoast SEO plugin. -->","yoast_head_json":{"title":"Consultor\u00eda - Formaci\u00f3n Pr\u00e1ctica en Finanzas - Roberto Knop","robots":{"index":"index","follow":"follow","max-snippet":"max-snippet:-1","max-image-preview":"max-image-preview:large","max-video-preview":"max-video-preview:-1"},"canonical":"https:\/\/knop.es\/en\/consultoria\/","og_locale":"en_GB","og_type":"article","og_title":"Consultor\u00eda - Formaci\u00f3n Pr\u00e1ctica en Finanzas - Roberto Knop","og_description":"Background Roberto Knop viene desarrollando una dilatada actividad de consultor\u00eda in company en los siguientes pa\u00edses: Arabia Saudi Chile Colombia Ecuador Egipto Espa\u00f1a \u00c1mbitos de consultor\u00eda&nbsp; La propuesta de consultor\u00eda In Company abarca trabajos de valoraci\u00f3n, medici\u00f3n de riesgos, desarrollo&#x2026; Read More Consultor\u00eda","og_url":"https:\/\/knop.es\/en\/consultoria\/","og_site_name":"Formaci\u00f3n Pr\u00e1ctica en Finanzas - Roberto Knop","article_modified_time":"2023-04-25T07:37:20+00:00","og_image":[{"width":1600,"height":1200,"url":"https:\/\/i0.wp.com\/knop.es\/wp-content\/uploads\/2023\/04\/FPF4.jpg?fit=1600%2C1200&ssl=1","type":"image\/jpeg"}],"twitter_card":"summary_large_image","twitter_misc":{"Estimated reading time":"1 minute"},"schema":{"@context":"https:\/\/schema.org","@graph":[{"@type":"WebPage","@id":"https:\/\/knop.es\/consultoria\/","url":"https:\/\/knop.es\/consultoria\/","name":"Consultor\u00eda - Formaci\u00f3n Pr\u00e1ctica en Finanzas - Roberto Knop","isPartOf":{"@id":"https:\/\/knop.es\/#website"},"primaryImageOfPage":{"@id":"https:\/\/knop.es\/consultoria\/#primaryimage"},"image":{"@id":"https:\/\/knop.es\/consultoria\/#primaryimage"},"thumbnailUrl":"https:\/\/i0.wp.com\/knop.es\/wp-content\/uploads\/2023\/04\/FPF4.jpg?fit=1600%2C1200&ssl=1","datePublished":"2021-05-03T16:37:02+00:00","dateModified":"2023-04-25T07:37:20+00:00","breadcrumb":{"@id":"https:\/\/knop.es\/consultoria\/#breadcrumb"},"inLanguage":"en-GB","potentialAction":[{"@type":"ReadAction","target":["https:\/\/knop.es\/consultoria\/"]}]},{"@type":"ImageObject","inLanguage":"en-GB","@id":"https:\/\/knop.es\/consultoria\/#primaryimage","url":"https:\/\/i0.wp.com\/knop.es\/wp-content\/uploads\/2023\/04\/FPF4.jpg?fit=1600%2C1200&ssl=1","contentUrl":"https:\/\/i0.wp.com\/knop.es\/wp-content\/uploads\/2023\/04\/FPF4.jpg?fit=1600%2C1200&ssl=1","width":1600,"height":1200},{"@type":"BreadcrumbList","@id":"https:\/\/knop.es\/consultoria\/#breadcrumb","itemListElement":[{"@type":"ListItem","position":1,"name":"Roberto Knop","item":"https:\/\/knop.es\/"},{"@type":"ListItem","position":2,"name":"Consultor\u00eda"}]},{"@type":"WebSite","@id":"https:\/\/knop.es\/#website","url":"https:\/\/knop.es\/","name":"Formaci\u00f3n Pr\u00e1ctica en Finanzas - Roberto Knop","description":"","potentialAction":[{"@type":"SearchAction","target":{"@type":"EntryPoint","urlTemplate":"https:\/\/knop.es\/?s={search_term_string}"},"query-input":{"@type":"PropertyValueSpecification","valueRequired":true,"valueName":"search_term_string"}}],"inLanguage":"en-GB"}]}},"jetpack_likes_enabled":true,"jetpack_sharing_enabled":true,"jetpack_shortlink":"https:\/\/wp.me\/P9C4gJ-8u","_links":{"self":[{"href":"https:\/\/knop.es\/en\/wp-json\/wp\/v2\/pages\/526","targetHints":{"allow":["GET"]}}],"collection":[{"href":"https:\/\/knop.es\/en\/wp-json\/wp\/v2\/pages"}],"about":[{"href":"https:\/\/knop.es\/en\/wp-json\/wp\/v2\/types\/page"}],"author":[{"embeddable":true,"href":"https:\/\/knop.es\/en\/wp-json\/wp\/v2\/users\/134317148"}],"replies":[{"embeddable":true,"href":"https:\/\/knop.es\/en\/wp-json\/wp\/v2\/comments?post=526"}],"version-history":[{"count":23,"href":"https:\/\/knop.es\/en\/wp-json\/wp\/v2\/pages\/526\/revisions"}],"predecessor-version":[{"id":1412,"href":"https:\/\/knop.es\/en\/wp-json\/wp\/v2\/pages\/526\/revisions\/1412"}],"wp:featuredmedia":[{"embeddable":true,"href":"https:\/\/knop.es\/en\/wp-json\/wp\/v2\/media\/1405"}],"wp:attachment":[{"href":"https:\/\/knop.es\/en\/wp-json\/wp\/v2\/media?parent=526"}],"curies":[{"name":"wp","href":"https:\/\/api.w.org\/{rel}","templated":true}]}}